{"id":65,"date":"2020-04-30T22:28:39","date_gmt":"2020-04-30T22:28:39","guid":{"rendered":"http:\/\/magforce.pl\/?page_id=65"},"modified":"2022-10-13T22:37:58","modified_gmt":"2022-10-13T20:37:58","slug":"wzorzec","status":"publish","type":"page","link":"https:\/\/magforce.pl\/?page_id=65","title":{"rendered":"Wzorzec W"},"content":{"rendered":"\n<p>Wzorzec FCI nr 97<\/p>\n\n\n\n<p><strong><span style=\"color:#8300a3\" class=\"has-inline-color\">WZORCE RAS<\/span><\/strong>&nbsp;\u2013 grupa V<\/p>\n\n\n\n<p><span style=\"color:#8300a3\" class=\"has-inline-color\"><strong>POCHODZENIE<\/strong>&nbsp;\u2013<\/span> Niemcy<\/p>\n\n\n\n<p><strong><span style=\"color:#8300a3\" class=\"has-inline-color\">DATA PUBLIKACJI OBOWI\u0104ZUJ\u0104CEGO WZORCA: 04.09.2019.<\/span><\/strong><\/p>\n\n\n\n<p><strong><span style=\"color:#8300a3\" class=\"has-inline-color\">U\u017bYTKOWO\u015a\u0106&nbsp;<\/span><\/strong>\u2013 Pies str\u00f3\u017cuj\u0105cy i do towarzystwa.<\/p>\n\n\n\n<p><strong><span style=\"color:#8300a3\" class=\"has-inline-color\">KLASYFIKACJA FCI<\/span>&nbsp;<\/strong>: Grupa 5 \u2013 Szpice i psy pierwotne; Sekcja 4 \u2013 Szpice europejskie; Bez pr\u00f3b pracy.<\/p>\n\n\n\n<p><strong><span style=\"color:#8300a3\" class=\"has-inline-color\">WRA\u017bENIE OG\u00d3LNE<\/span>&nbsp;<\/strong>\u2013 szpice urzekaj\u0105 sw\u0105 pi\u0119kn\u0105 szat\u0105, nastroszon\u0105 z powodu obfitego podszerstka. Szczeg\u00f3lnie imponuj\u0105cy jest bujny, przypominaj\u0105cy grzyw\u0119, ko\u0142nierz wok\u00f3\u0142 szyi (kryza) oraz obficie ow\u0142osiony ogon, noszony dumnie nad grzbietem. Lisia g\u0142owa z czujnymi oczami oraz ma\u0142e, spiczaste, blisko osadzone uszy, nadaj\u0105 szpicowi jedyny w swoim rodzaju, charakterystyczny, zadziorny wygl\u0105d.<\/p>\n\n\n\n<p><strong><span style=\"color:#8300a3\" class=\"has-inline-color\">WA\u017bNE PROPORCJE<\/span><\/strong>&nbsp;\u2013 stosunek wysoko\u015bci w k\u0142\u0119bie do d\u0142ugo\u015bci tu\u0142owia wynosi 1:1. D\u0142ugo\u015b\u0107 kufy do d\u0142ugo\u015bci czaszki mniej wi\u0119cej 2:3.<\/p>\n\n\n\n<p><strong><span style=\"color:#8300a3\" class=\"has-inline-color\">USPOSOBIENIE\/TEMPERAMENT<\/span><\/strong>&nbsp;\u2013 szpic wilczy\/keeshond jest zawsze czujny, o \u017cywym usposobieniu i niezwykle oddany swemu w\u0142a\u015bcicielowi. Jest bardzo poj\u0119tny i \u0142atwy do wyszkolenia. Jego naturalny brak zaufania w stosunku do obcych oraz brak instynktu my\u015bliwskiego czyni\u0105 go nie tylko idealnym psem str\u00f3\u017cuj\u0105cym, zar\u00f3wno na u\u017cytek domowy, jak i gospodarski, ale te\u017c wspania\u0142ym psem do towarzystwa i rodzinnym. Nie jest ani l\u0119kliwy, ani agresywny. Odporno\u015b\u0107 na warunki pogodowe, krzepko\u015b\u0107 oraz d\u0142ugowieczno\u015b\u0107 to jego szczeg\u00f3lnie wyr\u00f3\u017cniaj\u0105ce cechy.<\/p>\n\n\n\n<p><em><span style=\"color:#8300a3\" class=\"has-inline-color\"><strong>G\u0141OWA<\/strong>&nbsp;<\/span>:<\/em><\/p>\n\n\n\n<p><strong>M\u00d3ZGOCZASZKA<\/strong>&nbsp;\u2013 \u015bredniej wielko\u015bci g\u0142owa szpica, widziana z g\u00f3ry, jest najszersza z ty\u0142u i zw\u0119\u017ca si\u0119 w klin w kierunku czubka nosa.<br>Stop: od umiarkowanie do wyra\u017anie zaznaczonego; nigdy bardzo mocny.<\/p>\n\n\n\n<p><strong>TRZEWIOCZASZKA&nbsp;<\/strong>\u2013<\/p>\n\n\n\n<p><strong>Nos<\/strong>: nos okr\u0105g\u0142y, ma\u0142y i czysto czarny.<\/p>\n\n\n\n<p><strong>Kufa<\/strong>: kufa nie jest wyd\u0142u\u017cona i pozostaje w harmonijnej proporcji do czaszki (mniej wi\u0119cej 2:3).<\/p>\n\n\n\n<p><strong>Wargi<\/strong>: nieprzesadne, \u015bci\u015ble przylegaj\u0105ce do szcz\u0119ki i \u017cuchwy; nie tworz\u0105 fa\u0142d w k\u0105cikach. Ca\u0142kowicie czarne.<\/p>\n\n\n\n<p><strong>Uz\u0119bienie<\/strong>: szcz\u0119ka i \u017cuchwa normalnie rozwini\u0119te, w pe\u0142nym zgryzie no\u017cycowym, tj. g\u00f3rny \u0142uk siekaczy \u015bci\u015ble zachodzi na dolny, a z\u0119by ustawione s\u0105 pionowo wzgl\u0119dem szcz\u0119ki i \u017cuchwy. 42 z\u0119by, zgodnie z wzorem z\u0119bowym psa. Mocne k\u0142y dok\u0142adnie zachodz\u0105 na siebie. Zgryz c\u0119gowy dopuszczalny.<\/p>\n\n\n\n<p><strong>Policzki<\/strong>: policzki \u0142agodnie zaokr\u0105glone, ale nie wydatne.<\/p>\n\n\n\n<p><strong>Oczy<\/strong>: oczy \u015bredniej wielko\u015bci, kszta\u0142tu migda\u0142a, lekko sko\u015bne, ciemne. Powieki czarne.<\/p>\n\n\n\n<p><strong>Uszy<\/strong>: ma\u0142e, osadzone wysoko i stosunkowo blisko siebie; tr\u00f3jk\u0105tne i spiczaste; noszone zawsze pionowo, sztywne na ko\u0144cach.<\/p>\n\n\n\n<p><strong>Szyja<\/strong>: \u015bredniej d\u0142ugo\u015bci, szeroka u nasady mi\u0119dzy \u0142opatkami nieco \u0142ukowata, bez podgardla; okryta grubym, g\u0119stym w\u0142osem, tworz\u0105cym bogat\u0105 kryz\u0119.<\/p>\n\n\n\n<p><span style=\"color:#8300a3\" class=\"has-inline-color\"><strong>TU\u0141\u00d3W<\/strong>&nbsp;\u2013<\/span><\/p>\n\n\n\n<p><strong>Linia g\u00f3rna<\/strong>: \u0142\u0105czy si\u0119 wdzi\u0119cznym \u0142ukiem z kr\u00f3tkim, prostym grzbietem. Obficie ow\u0142osiony, rozmachany ogon cz\u0119\u015bciowo po\u0142o\u017cony na grzbiecie skraca i zaokr\u0105gla sylwetk\u0119.<\/p>\n\n\n\n<p><strong>K\u0142\u0105b<\/strong>: wysoki k\u0142\u0105b przechodzi niepostrze\u017cenie w grzbiet.<\/p>\n\n\n\n<p><strong>Grzbiet<\/strong>: mo\u017cliwie jak najkr\u00f3tszy, prosty i mocny.<\/p>\n\n\n\n<p><strong>L\u0119d\u017awie<\/strong>: kr\u00f3tkie, szerokie, mocne.<\/p>\n\n\n\n<p><strong>Zad<\/strong>: szeroki i kr\u00f3tki, nie opadaj\u0105cy.<\/p>\n\n\n\n<p><strong>Klatka piersiowa<\/strong>: g\u0142\u0119boka, dobrze wysklepiona; dobrze rozwini\u0119te przedpiersie.<\/p>\n\n\n\n<p><strong>Linia dolna i brzuch<\/strong>: klatka piersiowa tak d\u0142uga, jak to tylko mo\u017cliwe; brzuch nieznacznie podci\u0105gni\u0119ty.<\/p>\n\n\n\n<p><strong>Ogon<\/strong>: osadzony wysoko; \u015bredniej d\u0142ugo\u015bci. Skierowany w g\u00f3r\u0119 i zakr\u0119cony do przodu nad grzbietem; prosty od nasady. Spoczywa stabilnie nad grzbietem; pokryty bardzo g\u0119stym w\u0142osem. Podw\u00f3jny skr\u0119t na ko\u0144cu ogona jest dopuszczalny.<\/p>\n\n\n\n<p><strong><em><span style=\"color:#6500a3\" class=\"has-inline-color\">KO\u0143CZYNY:<\/span><\/em><\/strong><\/p>\n\n\n\n<p><strong><span style=\"color:#8300a3\" class=\"has-inline-color\">KO\u0143CZYNY PRZEDNIE<\/span><\/strong>&nbsp;<span style=\"color:#8300a3\" class=\"has-inline-color\">\u2013<\/span><\/p>\n\n\n\n<p><strong>Wygl\u0105d og\u00f3lny<\/strong>: proste; dosy\u0107 szeroko rozstawione, o mocnym ko\u015b\u0107cu.<\/p>\n\n\n\n<p><strong>\u0141opatka<\/strong>: dobrze umi\u0119\u015bniona i mocno zwi\u0105zana z klatk\u0105 piersiow\u0105. D\u0142uga i dobrze k\u0105towana.<\/p>\n\n\n\n<p><strong>Rami\u0119<\/strong>: mniej wi\u0119cej tej samej d\u0142ugo\u015bci, co \u0142opatka, tworzy z ni\u0105 k\u0105t 90 stopni.<\/p>\n\n\n\n<p><strong>\u0141okie\u0107<\/strong>: mocny, \u015bci\u015ble przylegaj\u0105cy do klatki piersiowej; ani odstaj\u0105cy, ani ustawiony podsiebnie.<\/p>\n\n\n\n<p><strong>Przedrami\u0119<\/strong>: \u015bredniej d\u0142ugo\u015bci w stosunku do cia\u0142a; mocne i zupe\u0142nie proste. Na tylnej kraw\u0119dzi fr\u0119dzle.<\/p>\n\n\n\n<p><strong>\u015ar\u00f3dr\u0119cze<\/strong>: mocne, \u015bredniej d\u0142ugo\u015bci; nachylone pod k\u0105tem 20\u00b0 w stosunku do pionu.<\/p>\n\n\n\n<p><strong>\u0141apa<\/strong>: jak najmniejsza; okr\u0105g\u0142a i zwarta, o dobrze wysklepionych i zwartych palcach, zwana koci\u0105. Pazury i opuszki jak najciemniejsze.<\/p>\n\n\n\n<p><strong><span style=\"color:#8300a3\" class=\"has-inline-color\">KO\u0143CZYNY TYLNE<\/span>&nbsp;<\/strong><span style=\"color:#8300a3\" class=\"has-inline-color\">\u2013<\/span><\/p>\n\n\n\n<p><strong>Wygl\u0105d og\u00f3lny<\/strong>: bardzo umi\u0119\u015bnione i obficie ow\u0142osione a\u017c do staw\u00f3w skokowych, proste i r\u00f3wnoleg\u0142e.<\/p>\n\n\n\n<p><strong>Udo i podudzie<\/strong>: udo i podudzie mniej wi\u0119cej r\u00f3wnej d\u0142ugo\u015bci.<\/p>\n\n\n\n<p><strong>Kolano<\/strong>: mocne, umiarkowanie k\u0105towane; w ruchu nie odchylane na zewn\u0105trz, ani do \u015brodka.<\/p>\n\n\n\n<p><strong>\u015ar\u00f3dstopie\/staw skokowy<\/strong>: \u015br\u00f3dstopie \u015bredniej d\u0142ugo\u015bci, bardzo mocne i pionowe wzgl\u0119dem pod\u0142o\u017ca.<\/p>\n\n\n\n<p><strong>Stopa<\/strong>: jak najmniejsza; okr\u0105g\u0142a i zwarta, o dobrze wysklepionych i zwartych palcach, zwana koci\u0105. Opuszki grube i twarde. Pazury i opuszki jak najciemniejsze.<\/p>\n\n\n\n<p><strong>RUCH<\/strong>: szpic niemiecki wilczy\/keeshond porusza si\u0119 prosto do przodu, z dobrym nap\u0119dem, p\u0142ynnie i spr\u0119\u017cy\u015bcie.<\/p>\n\n\n\n<p><strong>SK\u00d3RA<\/strong>: na ca\u0142ym ciele przylegaj\u0105ca, niepofa\u0142dowana.<\/p>\n\n\n\n<p><strong>SZATA:<\/strong>&nbsp;<strong>W\u0141OS<\/strong>: szpic niemiecki wilczy\/ keeshond ma szat\u0119 dwuwarstwow\u0105, sk\u0142adaj\u0105c\u0105 si\u0119 z prostych i wyra\u017anie nastroszonych w\u0142os\u00f3w okrywy i kr\u00f3tkiego, g\u0119stego podszerstka, o strukturze bawe\u0142ny. G\u0142owa, uszy, prz\u00f3d przednich i tylnych ko\u0144czyn oraz \u0142apy \u2013 okryte kr\u00f3tkim, g\u0119stym (aksamitnym) w\u0142osem. Reszta tu\u0142owia okryta d\u0142ug\u0105, bogat\u0105 szat\u0105. W\u0142os nie mo\u017ce by\u0107 falisty, k\u0119dzierzawy, ani kosmaty; na grzbiecie nie mo\u017ce by\u0107 przedzia\u0142ka. Szyja i \u0142opatki poro\u015bni\u0119te g\u0119st\u0105 grzyw\u0105. Na tylnych stronach przednich ko\u0144czyn obfite fr\u0119dzle, z ty\u0142u obfite portki si\u0119gaj\u0105ce stawu skokowego. Ogon obficie ow\u0142osiony. Szata nie mo\u017ce wygl\u0105da\u0107 na wymodelowan\u0105.<\/p>\n\n\n\n<p><strong><span style=\"color:#8300a3\" class=\"has-inline-color\">MA\u015a\u0106:<\/span><\/strong><\/p>\n\n\n\n<p><strong>Szpic niemiecki wilczy\/keeshond: Szara cieniowana<\/strong>.<\/p>\n\n\n\n<p>Szary cieniowany szpic wilczy\/keeshond: kolor szary cieniowany to srebrnoszary z czarnymi koniuszkami w\u0142os\u00f3w. Kufa i uszy ciemnego koloru. Wok\u00f3\u0142 oczu wyra\u017ane \u201eokulary\u201d w postaci delikatnie zarysowanej czarnej linii, biegn\u0105cej od zewn\u0119trznego k\u0105cika oka do dolnego k\u0105cika ucha; towarzysz\u0105 im wyra\u017ane znaczenia i cieniowania, tworz\u0105ce wyrazist\u0105, kr\u00f3tk\u0105 brew. Kryza i \u201euprz\u0105\u017c\u201d na \u0142opatkach \u2013 ja\u015bniejsze. Przednie i tylne ko\u0144czyny srebrzysto szare bez \u015bladu czarnych znacze\u0144 poni\u017cej \u0142okci i kolan, z wyj\u0105tkiem delikatnego rysunku na palcach. Czarny koniec ogona. Spodnia cz\u0119\u015b\u0107 ogona i portki \u2013 w jasnym, srebrnoszarym odcieniu.<\/p>\n\n\n\n<p><strong><span style=\"color:#8300a3\" class=\"has-inline-color\">WIELKO\u015a\u0106 I WAGA:<\/span><\/strong><\/p>\n\n\n\n<p>Wysoko\u015b\u0107 w k\u0142\u0119bie: szpic wilczy\/keeshond: 49 cm +\/- 6 cm.<br><strong>Waga powinna by\u0107 odpowiednia do wielko\u015bci.<\/strong><\/p>\n\n\n\n<p><strong><em><span style=\"color:#8300a3\" class=\"has-inline-color\">WADY<\/span>:<\/em><\/strong><\/p>\n\n\n\n<p>Wszelkie odst\u0119pstwa od podanego wzorca powinny by\u0107 uznane za wady i oceniane w zale\u017cno\u015bci od ich nasilenia oraz wp\u0142ywu na zdrowie i komfort \u017cycia psa.<\/p>\n\n\n\n<p><span style=\"color:#8300a3\" class=\"has-inline-color\"><strong>WADY DU\u017bE:<\/strong><br><\/span>\u2022 Wady budowy.<br>\u2022 G\u0142owa zbyt p\u0142aska.<br>\u2022 G\u0142owa wyra\u017anie jab\u0142kowata.<br>\u2022 Nos, powieki i wargi barwy mi\u0119sa.<br>\u2022 Wady uz\u0119bienia, braki z\u0119bowe.<br>\u2022 Oczy zbyt du\u017ce i zbyt jasne.<br>\u2022 Oczy wy\u0142upiaste.<br>\u2022 Brak charakterystycznego rysunku na g\u0142owie.<br>\u2022 Wady ruchu.<\/p>\n\n\n\n<p><span style=\"color:#8300a3\" class=\"has-inline-color\"><strong>WADY DYSKWALIFIKUJ\u0104CE:<\/strong><br><\/span>\u2022 Agresja lub wyra\u017ana l\u0119kliwo\u015b\u0107.<br>\u2022 Nienormalna budowa lub zachowanie.<br>\u2022 Otw\u00f3r w ciemieniu.<br>\u2022 Przodozgryz, ty\u0142ozgryz, zgryz przemienny.<br>\u2022 Entropion lub ektropion.<br>\u2022 Uszy nie ca\u0142kiem stoj\u0105ce.<br>\u2022 Wyra\u017ane bia\u0142e znaczenia lub \u0142aty.<\/p>\n\n\n\n<p><span style=\"color:#8300a3\" class=\"has-inline-color\"><strong>UWAGA:<\/strong><br><\/span>Samce powinny mie\u0107 dwa normalnie wykszta\u0142cone j\u0105dra, ca\u0142kowicie umieszczone w worku mosznowym.<\/p>\n\n\n\n<p>Do hodowli mog\u0105 by\u0107 u\u017cyte jedynie sprawne fizycznie i zdrowe psy, o budowie typowej dla rasy.<\/p>\n","protected":false},"excerpt":{"rendered":"<p>Wzorzec FCI nr 97 WZORCE RAS&nbsp;\u2013 grupa V POCHODZENIE&nbsp;\u2013 Niemcy DATA PUBLIKACJI OBOWI\u0104ZUJ\u0104CEGO WZORCA: 04.09.2019. U\u017bYTKOWO\u015a\u0106&nbsp;\u2013 Pies str\u00f3\u017cuj\u0105cy i do towarzystwa. KLASYFIKACJA FCI&nbsp;: Grupa 5 \u2013 Szpice i psy pierwotne; Sekcja 4 \u2013 Szpice europejskie; Bez pr\u00f3b pracy. WRA\u017bENIE OG\u00d3LNE&nbsp;\u2013 szpice urzekaj\u0105 sw\u0105 pi\u0119kn\u0105 szat\u0105, nastroszon\u0105 z powodu obfitego podszerstka. Szczeg\u00f3lnie imponuj\u0105cy jest bujny, przypominaj\u0105cy [&hellip;]<\/p>\n","protected":false},"author":1,"featured_media":0,"parent":21,"menu_order":0,"comment_status":"closed","ping_status":"closed","template":"","meta":{"footnotes":""},"class_list":["post-65","page","type-page","status-publish","hentry"],"_links":{"self":[{"href":"https:\/\/magforce.pl\/index.php?rest_route=\/wp\/v2\/pages\/65","targetHints":{"allow":["GET"]}}],"collection":[{"href":"https:\/\/magforce.pl\/index.php?rest_route=\/wp\/v2\/pages"}],"about":[{"href":"https:\/\/magforce.pl\/index.php?rest_route=\/wp\/v2\/types\/page"}],"author":[{"embeddable":true,"href":"https:\/\/magforce.pl\/index.php?rest_route=\/wp\/v2\/users\/1"}],"replies":[{"embeddable":true,"href":"https:\/\/magforce.pl\/index.php?rest_route=%2Fwp%2Fv2%2Fcomments&post=65"}],"version-history":[{"count":7,"href":"https:\/\/magforce.pl\/index.php?rest_route=\/wp\/v2\/pages\/65\/revisions"}],"predecessor-version":[{"id":647,"href":"https:\/\/magforce.pl\/index.php?rest_route=\/wp\/v2\/pages\/65\/revisions\/647"}],"up":[{"embeddable":true,"href":"https:\/\/magforce.pl\/index.php?rest_route=\/wp\/v2\/pages\/21"}],"wp:attachment":[{"href":"https:\/\/magforce.pl\/index.php?rest_route=%2Fwp%2Fv2%2Fmedia&parent=65"}],"curies":[{"name":"wp","href":"https:\/\/api.w.org\/{rel}","templated":true}]}}